{"id":5958,"date":"2019-12-28T17:38:10","date_gmt":"2019-12-28T17:38:10","guid":{"rendered":"http:\/\/www.tothkristof.com\/?page_id=5958"},"modified":"2019-12-28T17:43:17","modified_gmt":"2019-12-28T17:43:17","slug":"egyedi-festmeny-szobor","status":"publish","type":"page","link":"http:\/\/www.tothkristof.com\/hu\/egyedi-festmeny-szobor\/","title":{"rendered":"Egyedi Festm\u00e9ny \/ Szobor"},"content":{"rendered":"\n  <div class=\"banner has-hover\" id=\"banner-134887211\">\n          <div class=\"banner-inner fill\">\n        <div class=\"banner-bg fill\" >\n            <img loading=\"lazy\" decoding=\"async\" width=\"685\" height=\"800\" src=\"http:\/\/www.tothkristof.com\/wp-content\/uploads\/2017\/08\/26-685x800.jpg\" class=\"bg attachment-large size-large\" alt=\"\" \/>                        <div class=\"overlay\"><\/div>            \n                    <\/div>\n\t\t\n        <div class=\"banner-layers container\">\n            <div class=\"fill banner-link\"><\/div>            \n   <div id=\"text-box-2076570748\" class=\"text-box banner-layer x50 md-x50 lg-x50 y10 md-y10 lg-y10 res-text\">\n                                <div class=\"text-box-content text dark\">\n              \n              <div class=\"text-inner text-center\">\n                  \n<h3 class=\"uppercase\"><strong>Egyedi m\u0171alkot\u00e1s k\u00e9r\u00e9se<\/strong><\/h3>\n\n<div class=\"wpcf7 no-js\" id=\"wpcf7-f5961-o1\" lang=\"en-US\" dir=\"ltr\" data-wpcf7-id=\"5961\">\n<div class=\"screen-reader-response\"><p role=\"status\" aria-live=\"polite\" aria-atomic=\"true\"><\/p> <ul><\/ul><\/div>\n<form action=\"\/hu\/wp-json\/wp\/v2\/pages\/5958#wpcf7-f5961-o1\" method=\"post\" class=\"wpcf7-form init\" aria-label=\"Contact form\" novalidate=\"novalidate\" data-status=\"init\">\n<fieldset class=\"hidden-fields-container\"><input type=\"hidden\" name=\"_wpcf7\" value=\"5961\" \/><input type=\"hidden\" name=\"_wpcf7_version\" value=\"6.1.5\" \/><input type=\"hidden\" name=\"_wpcf7_locale\" value=\"en_US\" \/><input type=\"hidden\" name=\"_wpcf7_unit_tag\" value=\"wpcf7-f5961-o1\" \/><input type=\"hidden\" name=\"_wpcf7_container_post\" value=\"0\" \/><input type=\"hidden\" name=\"_wpcf7_posted_data_hash\" value=\"\" \/><input type=\"hidden\" name=\"_wpcf7_recaptcha_response\" value=\"\" \/>\n<\/fieldset>\n<p><label> N\u00e9v (k\u00f6telez\u0151)<br \/>\n<span class=\"wpcf7-form-control-wrap\" data-name=\"your-name\"><input size=\"40\" maxlength=\"400\" class=\"wpcf7-form-control wpcf7-text wpcf7-validates-as-required\" aria-required=\"true\" aria-invalid=\"false\" value=\"\" type=\"text\" name=\"your-name\" \/><\/span> <\/label>\n<\/p>\n<p><label> E-mail (k\u00f6telez\u0151)<br \/>\n<span class=\"wpcf7-form-control-wrap\" data-name=\"your-email\"><input size=\"40\" maxlength=\"400\" class=\"wpcf7-form-control wpcf7-email wpcf7-validates-as-required wpcf7-text wpcf7-validates-as-email\" aria-required=\"true\" aria-invalid=\"false\" value=\"\" type=\"email\" name=\"your-email\" \/><\/span> <\/label>\n<\/p>\n<p><label> K\u00e9rj\u00fck \u00edrja meg, hogy milyen m\u0171alkot\u00e1st szeretne:<br \/>\n<span class=\"wpcf7-form-control-wrap\" data-name=\"your-message\"><textarea cols=\"40\" rows=\"10\" maxlength=\"2000\" class=\"wpcf7-form-control wpcf7-textarea\" aria-invalid=\"false\" name=\"your-message\"><\/textarea><\/span> <\/label>\n<\/p>\n<p><input class=\"wpcf7-form-control wpcf7-submit has-spinner\" type=\"submit\" value=\"K\u00fcld\u00e9s\" \/>\n<\/p><div class=\"wpcf7-response-output\" aria-hidden=\"true\"><\/div>\n<\/form>\n<\/div>\n\n              <\/div>\n           <\/div>\n                            \n<style>\n#text-box-2076570748 {\n  width: 60%;\n}\n#text-box-2076570748 .text-box-content {\n  font-size: 100%;\n}\n<\/style>\n    <\/div>\n \n        <\/div>\n      <\/div>\n\n            \n<style>\n#banner-134887211 {\n  padding-top: 64%;\n}\n#banner-134887211 .overlay {\n  background-color: rgba(117, 117, 117, 0.5);\n}\n#banner-134887211 .banner-bg img {\n  object-position: 20% 50%;\n}\n<\/style>\n  <\/div>\n\n\n","protected":false},"excerpt":{"rendered":"","protected":false},"author":4,"featured_media":0,"parent":0,"menu_order":0,"comment_status":"closed","ping_status":"closed","template":"","meta":{"footnotes":""},"class_list":["post-5958","page","type-page","status-publish","hentry"],"_links":{"self":[{"href":"http:\/\/www.tothkristof.com\/hu\/wp-json\/wp\/v2\/pages\/5958","targetHints":{"allow":["GET"]}}],"collection":[{"href":"http:\/\/www.tothkristof.com\/hu\/wp-json\/wp\/v2\/pages"}],"about":[{"href":"http:\/\/www.tothkristof.com\/hu\/wp-json\/wp\/v2\/types\/page"}],"author":[{"embeddable":true,"href":"http:\/\/www.tothkristof.com\/hu\/wp-json\/wp\/v2\/users\/4"}],"replies":[{"embeddable":true,"href":"http:\/\/www.tothkristof.com\/hu\/wp-json\/wp\/v2\/comments?post=5958"}],"version-history":[{"count":0,"href":"http:\/\/www.tothkristof.com\/hu\/wp-json\/wp\/v2\/pages\/5958\/revisions"}],"wp:attachment":[{"href":"http:\/\/www.tothkristof.com\/hu\/wp-json\/wp\/v2\/media?parent=5958"}],"curies":[{"name":"wp","href":"https:\/\/api.w.org\/{rel}","templated":true}]}}