{"id":5945,"date":"2019-12-28T08:31:52","date_gmt":"2019-12-28T08:31:52","guid":{"rendered":"http:\/\/www.tothkristof.com\/?page_id=5945"},"modified":"2023-03-08T13:37:16","modified_gmt":"2023-03-08T13:37:16","slug":"kezdooldal","status":"publish","type":"page","link":"https:\/\/www.tothkristof.com\/hu\/","title":{"rendered":"Kezd\u0151oldal"},"content":{"rendered":"<div class=\"slider-wrapper relative\" id=\"slider-1761160272\" >\n    <div class=\"slider slider-nav-circle slider-nav-large slider-nav-light slider-style-normal\"\n        data-flickity-options='{\n            \"cellAlign\": \"center\",\n            \"imagesLoaded\": true,\n            \"lazyLoad\": 1,\n            \"freeScroll\": false,\n            \"wrapAround\": true,\n            \"autoPlay\": 6000,\n            \"pauseAutoPlayOnHover\" : true,\n            \"prevNextButtons\": true,\n            \"contain\" : true,\n            \"adaptiveHeight\" : true,\n            \"dragThreshold\" : 10,\n            \"percentPosition\": true,\n            \"pageDots\": true,\n            \"rightToLeft\": false,\n            \"draggable\": true,\n            \"selectedAttraction\": 0.1,\n            \"parallax\" : 0,\n            \"friction\": 0.6        }'\n        >\n        \n\n  <div class=\"banner has-hover\" id=\"banner-1086419087\">\n          <div class=\"banner-inner fill\">\n        <div class=\"banner-bg fill\" >\n            <img loading=\"lazy\" decoding=\"async\" width=\"1024\" height=\"978\" src=\"https:\/\/www.tothkristof.com\/wp-content\/uploads\/2017\/08\/22.jpg\" class=\"bg attachment-orginal size-orginal\" alt=\"\" \/>                                    \n                    <\/div>\n\t\t\n        <div class=\"banner-layers container\">\n            <div class=\"fill banner-link\"><\/div>            \n   <div id=\"text-box-536882405\" class=\"text-box banner-layer x5 md-x5 lg-x5 y95 md-y50 lg-y50 res-text\">\n                                <div class=\"text-box-content text box-shadow-1\">\n              \n              <div class=\"text-inner text-left\">\n                  \n<h3 class=\"uppercase\">R\u00f3lam<\/h3>\n<h6>T\u00f3th Krist\u00f3f, Fest\u0151m\u0171v\u00e9sz \u00e9s Szobr\u00e1sz<\/h6>\n<p>T\u00f3th Krist\u00f3f 1990.04.02 Budapest<br \/> Szemere Bertalan Gimn\u00e1zium, \u00e9retts\u00e9gi 2008<br \/> Szegedi Tudom\u00e1nyegyetem 2008-2010 Biol\u00f3gia szak<br \/> Szegedi Tudom\u00e1nyegyetem Juh\u00e1sz Gyula Kar k\u00e9pi \u00e1br\u00e1zol\u00e1s, fest\u0151 szak 2010-2013.<\/p>\n<p>Mesterei: T\u00f3th Ern\u0151, Aranyi S\u00e1ndor (fest\u0151m\u0171v\u00e9sz), Szab\u00f3 Tam\u00e1s (szobr\u00e1szm\u0171v\u00e9sz), Sink\u00f3 Istv\u00e1n (fest\u0151m\u0171v\u00e9sz), Gerle Margit (iparm\u0171v\u00e9sz), G\u00e1l Lehel J\u00f3zsef (fest\u0151m\u0171v\u00e9sz).<\/p>\n<p> A szobrait egyfajta s\u00edkozott kubista forma vil\u00e1g jellemzi, m\u00edg festm\u00e9nyeire er\u0151sen hatott a futurista ir\u00e1nyzat, \u00e9s a biol\u00f3giai el\u0151tanulm\u00e1nyok.<br \/>\n T\u00f6rekszik azt a pillanatot \u00e1br\u00e1zolni, ami legjobban jellemz\u0151 az adott sportra vagy \u00e9l\u0151l\u00e9nyre, \u00e9s a n\u00e9z\u0151, befogad\u00f3, szinte tov\u00e1bb k\u00e9pzeli ezt a mozdulatot. Alkot\u00e1saiban nagy szerepet j\u00e1tszik a dinamika, lend\u00fclet \u00e9s mozg\u00e1s \u00e1br\u00e1zol\u00e1sa.<\/p>\n<a href=\"http:\/\/www.tothkristof.com\/hu\/muveim\/festmenyek\/\" class=\"button secondary is-gradient\" >\n\t\t<span>Festm\u00e9nyek<\/span>\n\t<\/a>\n\n<a href=\"http:\/\/www.tothkristof.com\/hu\/muveim\/szobrok\/\" class=\"button primary is-gradient\" >\n\t\t<span>Szobrok<\/span>\n\t<\/a>\n\n              <\/div>\n           <\/div>\n                            \n<style>\n#text-box-536882405 .text-box-content {\n  background-color: rgba(255, 255, 255, 0.94);\n  font-size: 100%;\n}\n#text-box-536882405 .text-inner {\n  padding: 30px 30px 30px 30px;\n}\n#text-box-536882405 {\n  width: 90%;\n}\n@media (min-width:550px) {\n  #text-box-536882405 {\n    width: 49%;\n  }\n}\n<\/style>\n    <\/div>\n \n        <\/div>\n      <\/div>\n\n            \n<style>\n#banner-1086419087 {\n  padding-top: 637px;\n}\n#banner-1086419087 .banner-bg img {\n  object-position: 51% 34%;\n}\n<\/style>\n  <\/div>\n\n\n     <\/div>\n\n     <div class=\"loading-spin dark large centered\"><\/div>\n\n\t<\/div>\n\n\n\n\n\n\t<section class=\"section\" id=\"section_604851913\">\n\t\t<div class=\"section-bg fill\" >\n\t\t\t\t\t\t\t\t\t\n\t\t\t\n\t<div class=\"is-border\"\n\t\tstyle=\"border-width:1px 0px 1px 0px;\">\n\t<\/div>\n\n\t\t<\/div>\n\n\t\t\n\n\t\t<div class=\"section-content relative\">\n\t\t\t\n<div class=\"row align-equal\"  id=\"row-9657536\">\n\n\t<div id=\"col-1172692311\" class=\"col small-12 large-12\"  >\n\t\t\t\t<div class=\"col-inner\"  >\n\t\t\t\n\t\t\t\n<div class=\"row\"  id=\"row-395146537\">\n\n\t<div id=\"col-1767699179\" class=\"col medium-6 small-12 large-6\"  >\n\t\t\t\t<div class=\"col-inner\"  >\n\t\t\t\n\t\t\t\n\n  <div class=\"banner has-hover\" id=\"banner-1420881530\">\n          <div class=\"banner-inner fill\">\n        <div class=\"banner-bg fill\" >\n            <img loading=\"lazy\" decoding=\"async\" width=\"1020\" height=\"765\" src=\"https:\/\/www.tothkristof.com\/wp-content\/uploads\/2023\/03\/fejes-45cm-scaled-1067x800.jpg\" class=\"bg attachment-large size-large\" alt=\"\" \/>                                    \n                    <\/div>\n\t\t\n        <div class=\"banner-layers container\">\n            <a class=\"fill\" href=\"http:\/\/www.tothkristof.com\/hu\/muveim\/szobrok\/\"><div class=\"fill banner-link\"><\/div><\/a>            \n   <div id=\"text-box-1545777775\" class=\"text-box banner-layer x50 md-x50 lg-x50 y15 md-y15 lg-y15 res-text\">\n                                <div class=\"text-box-content text \">\n              \n              <div class=\"text-inner text-center\">\n                  \n<h2 class=\"uppercase\"><strong>Szobraim<\/strong><\/h2>\n              <\/div>\n           <\/div>\n                            \n<style>\n#text-box-1545777775 {\n  width: 60%;\n}\n#text-box-1545777775 .text-box-content {\n  font-size: 100%;\n}\n<\/style>\n    <\/div>\n \n        <\/div>\n      <\/div>\n\n            \n<style>\n#banner-1420881530 {\n  padding-top: 500px;\n}\n<\/style>\n  <\/div>\n\n\n\t\t<\/div>\n\t\t\t\t\t<\/div>\n\n\t\n\n\t<div id=\"col-1266507439\" class=\"col medium-6 small-12 large-6\"  >\n\t\t\t\t<div class=\"col-inner\"  >\n\t\t\t\n\t\t\t\n\n  <div class=\"banner has-hover\" id=\"banner-1265866004\">\n          <div class=\"banner-inner fill\">\n        <div class=\"banner-bg fill\" >\n            <img loading=\"lazy\" decoding=\"async\" width=\"949\" height=\"745\" src=\"https:\/\/www.tothkristof.com\/wp-content\/uploads\/2017\/08\/11.jpg\" class=\"bg attachment-large size-large\" alt=\"\" \/>                                    \n                    <\/div>\n\t\t\n        <div class=\"banner-layers container\">\n            <a class=\"fill\" href=\"http:\/\/www.tothkristof.com\/hu\/muveim\/festmenyek\/\"><div class=\"fill banner-link\"><\/div><\/a>            \n   <div id=\"text-box-2021449997\" class=\"text-box banner-layer x50 md-x50 lg-x50 y15 md-y15 lg-y15 res-text\">\n                                <div class=\"text-box-content text dark\">\n              \n              <div class=\"text-inner text-center\">\n                  \n<h2 class=\"uppercase\"><strong>Festm\u00e9nyeim<\/strong><\/h2>\n              <\/div>\n           <\/div>\n                            \n<style>\n#text-box-2021449997 {\n  width: 60%;\n}\n#text-box-2021449997 .text-box-content {\n  font-size: 100%;\n}\n<\/style>\n    <\/div>\n \n        <\/div>\n      <\/div>\n\n            \n<style>\n#banner-1265866004 {\n  padding-top: 500px;\n}\n<\/style>\n  <\/div>\n\n\n\t\t<\/div>\n\t\t\t\t\t<\/div>\n\n\t\n<\/div>\n\t\t<\/div>\n\t\t\t\t\t<\/div>\n\n\t\n<\/div>\n\t\t<\/div>\n\n\t\t\n<style>\n#section_604851913 {\n  padding-top: 43px;\n  padding-bottom: 43px;\n  min-height: 276px;\n  background-color: rgb(241, 241, 241);\n}\n<\/style>\n\t<\/section>\n\t\n\n\n<div class=\"message-box relative dark\" style=\"padding-top:36px;padding-bottom:36px;\"><div class=\"message-box-bg-image bg-fill fill\" ><\/div><div class=\"message-box-bg-overlay bg-fill fill\" style=\"background-color:rgb(74, 74, 74);\"><\/div><div class=\"container relative\"><div class=\"inner last-reset\">\n<div class=\"row align-middle\"  id=\"row-316739238\">\n\n\t<div id=\"col-501581485\" class=\"col medium-7 small-12 large-7\"  >\n\t\t\t\t<div class=\"col-inner\"  >\n\t\t\t\n\t\t\t\n<h2 class=\"uppercase\">Egyedi Festm\u00e9nyt Szeretne?<\/h2>\n<p>Amennyiben egyedi m\u0171alkot\u00e1st szeretne rendelni:<\/p>\n\t\t<\/div>\n\t\t\t\t\t<\/div>\n\n\t\n\n\t<div id=\"col-42374927\" class=\"col medium-5 small-12 large-5\"  >\n\t\t\t\t<div class=\"col-inner text-right\"  >\n\t\t\t\n\t\t\t\n<a data-animate=\"flipInY\" href=\"http:\/\/www.tothkristof.com\/hu\/egyedi-festmeny-szobor\/\" class=\"button white is-outline is-larger\" >\n\t\t<span>Egyedi m\u0171alkot\u00e1s k\u00e9r\u00e9se<\/span>\n\t<\/a>\n\n\t\t<\/div>\n\t\t\t\t\t<\/div>\n\n\t\n<\/div>\n<\/div><\/div><\/div>\n","protected":false},"excerpt":{"rendered":"","protected":false},"author":4,"featured_media":0,"parent":0,"menu_order":0,"comment_status":"closed","ping_status":"closed","template":"page-blank.php","meta":{"footnotes":""},"class_list":["post-5945","page","type-page","status-publish","hentry"],"_links":{"self":[{"href":"https:\/\/www.tothkristof.com\/hu\/wp-json\/wp\/v2\/pages\/5945","targetHints":{"allow":["GET"]}}],"collection":[{"href":"https:\/\/www.tothkristof.com\/hu\/wp-json\/wp\/v2\/pages"}],"about":[{"href":"https:\/\/www.tothkristof.com\/hu\/wp-json\/wp\/v2\/types\/page"}],"author":[{"embeddable":true,"href":"https:\/\/www.tothkristof.com\/hu\/wp-json\/wp\/v2\/users\/4"}],"replies":[{"embeddable":true,"href":"https:\/\/www.tothkristof.com\/hu\/wp-json\/wp\/v2\/comments?post=5945"}],"version-history":[{"count":5,"href":"https:\/\/www.tothkristof.com\/hu\/wp-json\/wp\/v2\/pages\/5945\/revisions"}],"predecessor-version":[{"id":8397,"href":"https:\/\/www.tothkristof.com\/hu\/wp-json\/wp\/v2\/pages\/5945\/revisions\/8397"}],"wp:attachment":[{"href":"https:\/\/www.tothkristof.com\/hu\/wp-json\/wp\/v2\/media?parent=5945"}],"curies":[{"name":"wp","href":"https:\/\/api.w.org\/{rel}","templated":true}]}}