{"id":5968,"date":"2019-12-28T17:47:17","date_gmt":"2019-12-28T17:47:17","guid":{"rendered":"http:\/\/www.tothkristof.com\/?page_id=5968"},"modified":"2026-01-28T13:51:16","modified_gmt":"2026-01-28T13:51:16","slug":"kiallitasok","status":"publish","type":"page","link":"https:\/\/www.tothkristof.com\/hu\/kiallitasok\/","title":{"rendered":"Ki\u00e1ll\u00edt\u00e1sok"},"content":{"rendered":"\n<ul class=\"wp-block-list\">\n<li>2026 Art and Antique m\u0171v\u00e9szeti ki\u00e1ll\u00edt\u00e1s a B\u00e1ln\u00e1ban 02.28-<\/li>\n\n\n\n<li>2025 V\u00e1r Koller Gal\u00e9ria \u00d6n\u00e1ll\u00f3 ki\u00e1llit\u00e1s<\/li>\n\n\n\n<li>2025 Affordable Art Fair &#8211; Stockholm<\/li>\n\n\n\n<li>2025 Affordable Art Fair &#8211; London Battersea park<\/li>\n\n\n\n<li>2025 Art and Antique m\u0171v\u00e9szeti ki\u00e1ll\u00edt\u00e1s a B\u00e1ln\u00e1ban 02.06-02.09<\/li>\n\n\n\n<li>2024 F\u00fcred Art Week<\/li>\n\n\n\n<li>2024 Art and Antique m\u0171v\u00e9szeti ki\u00e1ll\u00edt\u00e1s a B\u00e1ln\u00e1ban  02.28-03.03-ig<\/li>\n\n\n\n<li>2024 Vajdahunyad V\u00e1ra (Mez\u0151gazdas\u00e1gi m\u00fazeum) <\/li>\n\n\n\n<li>2023 Art and Antique m\u0171v\u00e9szeti ki\u00e1ll\u00edt\u00e1s a B\u00e1ln\u00e1ban.<\/li>\n\n\n\n<li>2023 Rust Ausztria \u00f6n\u00e1ll\u00f3 ki\u00e1ll\u00edt\u00e1s<\/li>\n\n\n\n<li>2022 Fashion street Budapest De\u00e1k Palota ki\u00e1ll\u00edt\u00e1s<\/li>\n\n\n\n<li>2022 New York \u00d6n\u00e1ll\u00f3 ki\u00e1ll\u00edt\u00e1s <\/li>\n\n\n\n<li>2022 Los Angeles ki\u00e1ll\u00edt\u00e1s<\/li>\n\n\n\n<li>2022 \u00dajlip\u00f3tv\u00e1ros gal\u00e9ria \u00f6n\u00e1ll\u00f3 ki\u00e1ll\u00edt\u00e1s<\/li>\n\n\n\n<li>2021 \u00c9rdi Gal\u00e9ria t\u00e9li t\u00e1rlat<\/li>\n\n\n\n<li>2019 Tokyo ki\u00e1ll\u00edt\u00e1s<\/li>\n\n\n\n<li>2019 Berlin \u00f6n\u00e1ll\u00f3 ki\u00e1ll\u00edt\u00e1s<\/li>\n\n\n\n<li>2018 N\u00e9metorsz\u00e1g L\u00fcbeck ki\u00e1ll\u00edt\u00e1s<\/li>\n\n\n\n<li>2018 V\u00e1s\u00e1rhelyi \u0150szi T\u00e1rlat<\/li>\n\n\n\n<li>2017 \u201cMini Festm\u00e9nyek\u201d ki\u00e1ll\u00edt\u00e1s, Budapesten<\/li>\n\n\n\n<li>2017 Buda\u00f6rs, saj\u00e1t ki\u00e1ll\u00edt\u00e1s<\/li>\n\n\n\n<li>2017 V\u00e1s\u00e1rhelyi \u0150szi T\u00e1rlat<\/li>\n\n\n\n<li>2017 Borok ki\u00e1ll\u00edt\u00e1s<\/li>\n\n\n\n<li>2016 \u00c9rd ki\u00e1ll\u00edt\u00e1s<\/li>\n\n\n\n<li>2016 V\u00e1s\u00e1rhelyi \u0150szi T\u00e1rlat<\/li>\n\n\n\n<li>2015 Rust Ausztria \u00f6n\u00e1ll\u00f3 ki\u00e1ll\u00edt\u00e1s<\/li>\n\n\n\n<li>2015 Ajt\u00f3 c\u00edm\u0171 ki\u00e1ll\u00edt\u00e1s Kondor B\u00e9la m\u0171vel\u0151d\u00e9si h\u00e1zban<\/li>\n\n\n\n<li>2015 \u00c9rdi gal\u00e9ria T\u00e9li t\u00e1rlat<\/li>\n\n\n\n<li>2014 OTP gal\u00e9ria \u00f6n\u00e1ll\u00f3 ki\u00e1ll\u00edt\u00e1s<\/li>\n\n\n\n<li>2014 Labirintus c\u00edm\u0171 ki\u00e1ll\u00edt\u00e1s Szentendr\u00e9n<\/li>\n\n\n\n<li>2014 Szocsi olimpiai k\u00e9pz\u0151m\u0171v\u00e9szeti p\u00e1ly\u00e1zat 2. Hely<\/li>\n\n\n\n<li>2014 \u00c9rdi gal\u00e9ria t\u00e9li t\u00e1rlata<\/li>\n\n\n\n<li>2014 T\u00e9veszt\u00e9s c\u00edm\u0171 ki\u00e1ll\u00edt\u00e1s Kondor B\u00e9la m\u0171vel\u0151d\u00e9si h\u00e1zban<\/li>\n\n\n\n<li>2013 Ez\u00fcstgerely P\u00e1ly\u00e1zat: f\u0151d\u00edj<\/li>\n\n\n\n<li>2013 L\u00fcbeck \u2013 k\u00e9pek \u00e9s szobrok<\/li>\n\n\n\n<li>2012 Volvo gal\u00e9ria<\/li>\n<\/ul>\n","protected":false},"excerpt":{"rendered":"","protected":false},"author":4,"featured_media":0,"parent":0,"menu_order":0,"comment_status":"closed","ping_status":"closed","template":"page-blank-title-center.php","meta":{"footnotes":""},"class_list":["post-5968","page","type-page","status-publish","hentry"],"_links":{"self":[{"href":"https:\/\/www.tothkristof.com\/hu\/wp-json\/wp\/v2\/pages\/5968","targetHints":{"allow":["GET"]}}],"collection":[{"href":"https:\/\/www.tothkristof.com\/hu\/wp-json\/wp\/v2\/pages"}],"about":[{"href":"https:\/\/www.tothkristof.com\/hu\/wp-json\/wp\/v2\/types\/page"}],"author":[{"embeddable":true,"href":"https:\/\/www.tothkristof.com\/hu\/wp-json\/wp\/v2\/users\/4"}],"replies":[{"embeddable":true,"href":"https:\/\/www.tothkristof.com\/hu\/wp-json\/wp\/v2\/comments?post=5968"}],"version-history":[{"count":6,"href":"https:\/\/www.tothkristof.com\/hu\/wp-json\/wp\/v2\/pages\/5968\/revisions"}],"predecessor-version":[{"id":8809,"href":"https:\/\/www.tothkristof.com\/hu\/wp-json\/wp\/v2\/pages\/5968\/revisions\/8809"}],"wp:attachment":[{"href":"https:\/\/www.tothkristof.com\/hu\/wp-json\/wp\/v2\/media?parent=5968"}],"curies":[{"name":"wp","href":"https:\/\/api.w.org\/{rel}","templated":true}]}}