{"id":6077,"date":"2017-09-20T12:38:46","date_gmt":"2017-09-20T12:38:46","guid":{"rendered":"http:\/\/www.tothkristof.com\/art\/jelenetek-a-filmtortenet-hoskorabol-2\/"},"modified":"2019-12-29T02:21:52","modified_gmt":"2019-12-29T02:21:52","slug":"jelenetek-a-filmtortenet-hoskorabol-2","status":"publish","type":"product","link":"https:\/\/www.tothkristof.com\/hu\/mu\/jelenetek-a-filmtortenet-hoskorabol-2\/","title":{"rendered":"Jelenetek a filmt\u00f6rt\u00e9net h\u0151skor\u00e1b\u00f3l 2"},"content":{"rendered":"","protected":false},"excerpt":{"rendered":"","protected":false},"featured_media":3818,"comment_status":"open","ping_status":"closed","template":"","meta":[],"product_brand":[],"product_cat":[151,158],"product_tag":[134,140,136],"class_list":{"0":"post-6077","1":"product","2":"type-product","3":"status-publish","4":"has-post-thumbnail","6":"product_cat-akril-festmenyek","7":"product_cat-vaszon-festmenyek","8":"product_tag-akril","9":"product_tag-festmeny","10":"product_tag-vaszon","12":"first","13":"instock","14":"shipping-taxable","15":"product-type-simple"},"_links":{"self":[{"href":"https:\/\/www.tothkristof.com\/hu\/wp-json\/wp\/v2\/product\/6077","targetHints":{"allow":["GET"]}}],"collection":[{"href":"https:\/\/www.tothkristof.com\/hu\/wp-json\/wp\/v2\/product"}],"about":[{"href":"https:\/\/www.tothkristof.com\/hu\/wp-json\/wp\/v2\/types\/product"}],"replies":[{"embeddable":true,"href":"https:\/\/www.tothkristof.com\/hu\/wp-json\/wp\/v2\/comments?post=6077"}],"wp:featuredmedia":[{"embeddable":true,"href":"https:\/\/www.tothkristof.com\/hu\/wp-json\/wp\/v2\/media\/3818"}],"wp:attachment":[{"href":"https:\/\/www.tothkristof.com\/hu\/wp-json\/wp\/v2\/media?parent=6077"}],"wp:term":[{"taxonomy":"product_brand","embeddable":true,"href":"https:\/\/www.tothkristof.com\/hu\/wp-json\/wp\/v2\/product_brand?post=6077"},{"taxonomy":"product_cat","embeddable":true,"href":"https:\/\/www.tothkristof.com\/hu\/wp-json\/wp\/v2\/product_cat?post=6077"},{"taxonomy":"product_tag","embeddable":true,"href":"https:\/\/www.tothkristof.com\/hu\/wp-json\/wp\/v2\/product_tag?post=6077"}],"curies":[{"name":"wp","href":"https:\/\/api.w.org\/{rel}","templated":true}]}}