{"id":8128,"date":"2020-10-26T14:21:49","date_gmt":"2020-10-26T14:21:49","guid":{"rendered":"http:\/\/www.tothkristof.com\/art\/roplabdazo\/"},"modified":"2020-10-26T14:26:24","modified_gmt":"2020-10-26T14:26:24","slug":"roplabdazo","status":"publish","type":"product","link":"https:\/\/www.tothkristof.com\/hu\/mu\/roplabdazo\/","title":{"rendered":"R\u00f6plabd\u00e1z\u00f3"},"content":{"rendered":"<p><br data-mce-bogus=\"1\"><\/p>\n","protected":false},"excerpt":{"rendered":"<p><br data-mce-bogus=\"1\"><\/p>\n","protected":false},"featured_media":8121,"comment_status":"open","ping_status":"closed","template":"","meta":[],"product_brand":[],"product_cat":[153],"product_tag":[135,142,141],"class_list":{"0":"post-8128","1":"product","2":"type-product","3":"status-publish","4":"has-post-thumbnail","6":"product_cat-bronz-szobrok","7":"product_tag-bronz","8":"product_tag-egyedi","9":"product_tag-szobor","11":"first","12":"instock","13":"shipping-taxable","14":"product-type-simple"},"_links":{"self":[{"href":"https:\/\/www.tothkristof.com\/hu\/wp-json\/wp\/v2\/product\/8128","targetHints":{"allow":["GET"]}}],"collection":[{"href":"https:\/\/www.tothkristof.com\/hu\/wp-json\/wp\/v2\/product"}],"about":[{"href":"https:\/\/www.tothkristof.com\/hu\/wp-json\/wp\/v2\/types\/product"}],"replies":[{"embeddable":true,"href":"https:\/\/www.tothkristof.com\/hu\/wp-json\/wp\/v2\/comments?post=8128"}],"wp:featuredmedia":[{"embeddable":true,"href":"https:\/\/www.tothkristof.com\/hu\/wp-json\/wp\/v2\/media\/8121"}],"wp:attachment":[{"href":"https:\/\/www.tothkristof.com\/hu\/wp-json\/wp\/v2\/media?parent=8128"}],"wp:term":[{"taxonomy":"product_brand","embeddable":true,"href":"https:\/\/www.tothkristof.com\/hu\/wp-json\/wp\/v2\/product_brand?post=8128"},{"taxonomy":"product_cat","embeddable":true,"href":"https:\/\/www.tothkristof.com\/hu\/wp-json\/wp\/v2\/product_cat?post=8128"},{"taxonomy":"product_tag","embeddable":true,"href":"https:\/\/www.tothkristof.com\/hu\/wp-json\/wp\/v2\/product_tag?post=8128"}],"curies":[{"name":"wp","href":"https:\/\/api.w.org\/{rel}","templated":true}]}}