{"id":8318,"date":"2022-01-29T00:31:20","date_gmt":"2022-01-29T00:31:20","guid":{"rendered":"http:\/\/www.tothkristof.com\/art\/szabadsag-jegmadar\/"},"modified":"2022-01-29T00:31:20","modified_gmt":"2022-01-29T00:31:20","slug":"szabadsag-jegmadar","status":"publish","type":"product","link":"https:\/\/www.tothkristof.com\/hu\/mu\/szabadsag-jegmadar\/","title":{"rendered":"Szabads\u00e1g (J\u00e9gmad\u00e1r)"},"content":{"rendered":"","protected":false},"excerpt":{"rendered":"","protected":false},"featured_media":8309,"comment_status":"open","ping_status":"closed","template":"","meta":[],"product_brand":[],"product_cat":[153],"product_tag":[135,142,141],"class_list":{"0":"post-8318","1":"product","2":"type-product","3":"status-publish","4":"has-post-thumbnail","6":"product_cat-bronz-szobrok","7":"product_tag-bronz","8":"product_tag-egyedi","9":"product_tag-szobor","11":"first","12":"instock","13":"shipping-taxable","14":"product-type-simple"},"_links":{"self":[{"href":"https:\/\/www.tothkristof.com\/hu\/wp-json\/wp\/v2\/product\/8318","targetHints":{"allow":["GET"]}}],"collection":[{"href":"https:\/\/www.tothkristof.com\/hu\/wp-json\/wp\/v2\/product"}],"about":[{"href":"https:\/\/www.tothkristof.com\/hu\/wp-json\/wp\/v2\/types\/product"}],"replies":[{"embeddable":true,"href":"https:\/\/www.tothkristof.com\/hu\/wp-json\/wp\/v2\/comments?post=8318"}],"wp:featuredmedia":[{"embeddable":true,"href":"https:\/\/www.tothkristof.com\/hu\/wp-json\/wp\/v2\/media\/8309"}],"wp:attachment":[{"href":"https:\/\/www.tothkristof.com\/hu\/wp-json\/wp\/v2\/media?parent=8318"}],"wp:term":[{"taxonomy":"product_brand","embeddable":true,"href":"https:\/\/www.tothkristof.com\/hu\/wp-json\/wp\/v2\/product_brand?post=8318"},{"taxonomy":"product_cat","embeddable":true,"href":"https:\/\/www.tothkristof.com\/hu\/wp-json\/wp\/v2\/product_cat?post=8318"},{"taxonomy":"product_tag","embeddable":true,"href":"https:\/\/www.tothkristof.com\/hu\/wp-json\/wp\/v2\/product_tag?post=8318"}],"curies":[{"name":"wp","href":"https:\/\/api.w.org\/{rel}","templated":true}]}}